{"id":3950,"date":"2020-02-11T03:13:20","date_gmt":"2020-02-11T03:13:20","guid":{"rendered":"https:\/\/www.canyonadv.com\/lakegarda\/?page_id=3950"},"modified":"2022-08-31T07:12:25","modified_gmt":"2022-08-31T07:12:25","slug":"download","status":"publish","type":"page","link":"https:\/\/www.canyonadv.com\/lakegarda\/download\/","title":{"rendered":"DOWNLOAD"},"content":{"rendered":"<div id=\"pl-3950\"  class=\"panel-layout\" ><div id=\"pg-3950-0\"  class=\"panel-grid panel-no-style\" ><div id=\"pgc-3950-0-0\"  class=\"panel-grid-cell panel-grid-cell-empty\" ><\/div><\/div><div id=\"pg-3950-1\"  class=\"panel-grid panel-no-style\" ><div id=\"pgc-3950-1-0\"  class=\"panel-grid-cell\" ><div id=\"panel-3950-1-0-0\" class=\"so-panel widget widget_sow-editor panel-first-child panel-last-child\" data-index=\"0\" ><div\n\t\t\t\n\t\t\tclass=\"so-widget-sow-editor so-widget-sow-editor-base\"\n\t\t\t\n\t\t>\n<div class=\"siteorigin-widget-tinymce textwidget\">\n\t<div class=\"\">\n<p>Discover all our activities in our 2022 catalogue.<br \/>\nChoose your favourite among canyonig, kayaking, bellyaking, via ferrata and caving, for an exciting day out or a special event.<\/p>\n<p><a href=\"https:\/\/www.canyonadv.com\/wp-content\/uploads\/2020\/07\/Canyon-Adventures-210x195-24-pag.pdf\" target=\"_blank\" rel=\"noopener\">Canyon Adventures - Catalogo Canyoning 2022<\/a><\/p>\n<\/div>\n<\/div>\n<\/div><\/div><\/div><div id=\"pgc-3950-1-1\"  class=\"panel-grid-cell\" ><div id=\"panel-3950-1-1-0\" class=\"so-panel widget widget_sow-editor panel-first-child panel-last-child\" data-index=\"1\" ><div\n\t\t\t\n\t\t\tclass=\"so-widget-sow-editor so-widget-sow-editor-base\"\n\t\t\t\n\t\t>\n<div class=\"siteorigin-widget-tinymce textwidget\">\n\t<p><img loading=\"lazy\" class=\"alignnone wp-image-3150\" src=\"https:\/\/www.canyonadv.com\/lakegarda\/wp-content\/uploads\/2019\/12\/canyoning-gardasee.jpg\" alt=\"\" width=\"860\" height=\"573\" srcset=\"https:\/\/www.canyonadv.com\/lakegarda\/wp-content\/uploads\/2019\/12\/canyoning-gardasee.jpg 1950w, https:\/\/www.canyonadv.com\/lakegarda\/wp-content\/uploads\/2019\/12\/canyoning-gardasee-300x200.jpg 300w, https:\/\/www.canyonadv.com\/lakegarda\/wp-content\/uploads\/2019\/12\/canyoning-gardasee-1024x683.jpg 1024w, https:\/\/www.canyonadv.com\/lakegarda\/wp-content\/uploads\/2019\/12\/canyoning-gardasee-768x512.jpg 768w, https:\/\/www.canyonadv.com\/lakegarda\/wp-content\/uploads\/2019\/12\/canyoning-gardasee-1536x1024.jpg 1536w, https:\/\/www.canyonadv.com\/lakegarda\/wp-content\/uploads\/2019\/12\/canyoning-gardasee-600x400.jpg 600w, https:\/\/www.canyonadv.com\/lakegarda\/wp-content\/uploads\/2019\/12\/canyoning-gardasee-272x182.jpg 272w\" sizes=\"(max-width: 860px) 100vw, 860px\" \/><\/p>\n<\/div>\n<\/div><\/div><\/div><\/div><div id=\"pg-3950-2\"  class=\"panel-grid panel-no-style\" ><div id=\"pgc-3950-2-0\"  class=\"panel-grid-cell\" ><div id=\"panel-3950-2-0-0\" class=\"so-panel widget widget_pw_accordion widget-accordion panel-first-child panel-last-child\" data-index=\"2\" ><h3 class=\"widget-title\"><span class=\"widget-title__inline\">Canyoning<\/span><\/h3>\t<div class=\"accordion panel-group\" id=\"accordion-widget-2-0-0\" role=\"tablist\" aria-multiselectable=\"true\">\n\t\t\t<div class=\"accordion__panel  panel  panel-default\">\n\t\t\t<div class=\"accordion__heading  panel-heading\" role=\"tab\" id=\"heading-widget-2-0-0-1\">\n\t\t\t\t<h4 class=\"panel-title\">\n\t\t\t\t\t<a class=\"collapsed\" role=\"button\" data-toggle=\"collapse\" data-parent=\"#accordion-widget-2-0-0\" href=\"#collapse-widget-2-0-0-1\" aria-expanded=\"false\" aria-controls=\"collapse-widget-2-0-0-1\">\n\t\t\t\t\t\tChe cosa \u00e8 il canyoning?\t\t\t\t\t<\/a>\n\t\t\t\t<\/h4>\n\t\t\t<\/div>\n\t\t\t<div id=\"collapse-widget-2-0-0-1\" class=\"accordion__content  panel-collapse  collapse\" role=\"tabpanel\" aria-labelledby=\"heading-widget-2-0-0-1\">\n\t\t\t\t<div class=\"panel-body\">\n\t\t\t\t\tIl canyoning \u00e8 una delle attivit\u00e0 pi\u00f9 emozionanti che puoi provare in ambiente acquatico. In compagnia delle nostre esperte guide scenderai strette gole scavate da magnifici torrenti alpini. Scoprirai un ambiente incontaminato dai tratti quasi fiabeschi, con rocce scolpite dal tempo e dall\u2019acqua cristallina.\nPer percorrere questi canyon naturali si cammina nel torrente, si scivola su rocce lavorate dall\u2019acqua, ci si tuffa in profonde marmitte naturali.\nQuando i dislivelli delle cascate non lo permettono, le calate con la corda saranno una componente ludica emozionante.\t\t\t\t<\/div>\n\t\t\t<\/div>\n\t\t<\/div>\n\t\t\t<div class=\"accordion__panel  panel  panel-default\">\n\t\t\t<div class=\"accordion__heading  panel-heading\" role=\"tab\" id=\"heading-widget-2-0-0-2\">\n\t\t\t\t<h4 class=\"panel-title\">\n\t\t\t\t\t<a class=\"collapsed\" role=\"button\" data-toggle=\"collapse\" data-parent=\"#accordion-widget-2-0-0\" href=\"#collapse-widget-2-0-0-2\" aria-expanded=\"false\" aria-controls=\"collapse-widget-2-0-0-2\">\n\t\t\t\t\t\tChi mi accompagna nei tour?\t\t\t\t\t<\/a>\n\t\t\t\t<\/h4>\n\t\t\t<\/div>\n\t\t\t<div id=\"collapse-widget-2-0-0-2\" class=\"accordion__content  panel-collapse  collapse\" role=\"tabpanel\" aria-labelledby=\"heading-widget-2-0-0-2\">\n\t\t\t\t<div class=\"panel-body\">\n\t\t\t\t\tNel canyoning, come in tutte le altre attivit\u00e0, le nostre esperte guide ti seguiranno curando tutti gli aspetti della sicurezza. Ti insegnano a muoverti in questo ambiente cosi particolare. Tutte le nostre guide sono professionisti a tempo pieno, certificate e brevettate e con decennale esperienza nel canyoning.\nAlcune di esse sono state i precursori di questa splendida attivit\u00e0, partecipando alla scoperta e l\u2019esplorazione di numerosi canyon intorno al Lago di Garda, in Trentino, in Italia ed all\u2019estero.\t\t\t\t<\/div>\n\t\t\t<\/div>\n\t\t<\/div>\n\t\t\t<div class=\"accordion__panel  panel  panel-default\">\n\t\t\t<div class=\"accordion__heading  panel-heading\" role=\"tab\" id=\"heading-widget-2-0-0-3\">\n\t\t\t\t<h4 class=\"panel-title\">\n\t\t\t\t\t<a class=\"collapsed\" role=\"button\" data-toggle=\"collapse\" data-parent=\"#accordion-widget-2-0-0\" href=\"#collapse-widget-2-0-0-3\" aria-expanded=\"false\" aria-controls=\"collapse-widget-2-0-0-3\">\n\t\t\t\t\t\tCome \u00e8 organizzato un tour di canyoning?\t\t\t\t\t<\/a>\n\t\t\t\t<\/h4>\n\t\t\t<\/div>\n\t\t\t<div id=\"collapse-widget-2-0-0-3\" class=\"accordion__content  panel-collapse  collapse\" role=\"tabpanel\" aria-labelledby=\"heading-widget-2-0-0-3\">\n\t\t\t\t<div class=\"panel-body\">\n\t\t\t\t\tDopo pi\u00f9 di 25 anni di esperienza, alla Canyon Adventures curiamo ogni aspetto di una discesa di canyoning. Cerchiamo di rendere ogni discesa piacevole e sicura.\n\nPrenotazione e ritrovo\nPer tutti i tour \u00e8 necessaria la prenotazione. Abbiamo cos\u00ed modo di preparare l\u2019attrezzatura personale per ogni partecipante.Il giorno stesso il check-in al nostro centro di Torbole sul Garda avverr\u00e0 con un po\u2019 di anticipo sull\u2019orario di partenza. Da noi avrai a disposizione un comodo parcheggio. Se sei alloggiato e vivi pi\u00f9 vicino al canyon, che al nostro ufficio, puoi incontrarci anche direttamente li. Lungo il tragitto dal nostro centro al canyon inoltre abbiamo numerosi altri punti di incontro.I trasporti con i furgoni dal nostro centro al luogo delle attivit\u00e0 sono trasporti di cortesia totalmente gratuiti.\n\nPreparazione\nLa vestizione e la distribuzione dell\u2019equipaggiamento avviene all\u2019entrata del canyon.\nOltre alle guide sarete accompagnati anche da un autista. Lei o lui aiuta nella vestizione, garantisce un ottimo collegamento con la guida in caso di problemi durante la discesa (se qualcuno vuole uscire anticipatamente o in caso di piccoli problemi), custodisce tutte le cose personali e di valore lasciate sui furgoni e vi aspetta alla fine del tour con una piacevole sorpresa.\nIl nostro servizio con autista ti eviter\u00e0 lunghe camminate con la muta in neoprene indossata (non propio comodo in estate), portandoti nel punto pi\u00f9 vicino all\u2019entrata del canyon e raccogliendoti all\u2019uscita.\t\t\t\t<\/div>\n\t\t\t<\/div>\n\t\t<\/div>\n\t\t\t<div class=\"accordion__panel  panel  panel-default\">\n\t\t\t<div class=\"accordion__heading  panel-heading\" role=\"tab\" id=\"heading-widget-2-0-0-4\">\n\t\t\t\t<h4 class=\"panel-title\">\n\t\t\t\t\t<a class=\"collapsed\" role=\"button\" data-toggle=\"collapse\" data-parent=\"#accordion-widget-2-0-0\" href=\"#collapse-widget-2-0-0-4\" aria-expanded=\"false\" aria-controls=\"collapse-widget-2-0-0-4\">\n\t\t\t\t\t\tDove si fa canyoning?\t\t\t\t\t<\/a>\n\t\t\t\t<\/h4>\n\t\t\t<\/div>\n\t\t\t<div id=\"collapse-widget-2-0-0-4\" class=\"accordion__content  panel-collapse  collapse\" role=\"tabpanel\" aria-labelledby=\"heading-widget-2-0-0-4\">\n\t\t\t\t<div class=\"panel-body\">\n\t\t\t\t\tIl canyoning in Trentino, Lombardia e Veneto  sopratutto attorno al Lago di Garda  \u00e8 diventato una parte integrante dell\u2019offerta turistica. La zona del Lago di Garda \u00e8 sicuramente il luogo pi\u00f9 popolare e conosciuto in Italia dove praticarlo. Molti sono i fattori che lo hanno reso cosi popolare in italia: la facilit\u00e0 nel raggiungere i luoghi dove si svolgono, la bellezza dei luoghi ancora incontaminati e selvaggi. La ricchezza di torrenti con acqua cristallina durante tutta la stagione ne garantisce la fruibilit\u00e0 anche nelle estati pi\u00f9 asciutte.\n\nI canyon sono luoghi selvaggi normalmente inaccessibili senza l\u2019accompagnamento di guide esperte o la conoscenza delle tecniche specifiche per poterli percorrere.\t\t\t\t<\/div>\n\t\t\t<\/div>\n\t\t<\/div>\n\t\t\t<\/div>\n\n<\/div><\/div><div id=\"pgc-3950-2-1\"  class=\"panel-grid-cell\" ><div id=\"panel-3950-2-1-0\" class=\"so-panel widget widget_sow-editor panel-first-child\" data-index=\"3\" ><div\n\t\t\t\n\t\t\tclass=\"so-widget-sow-editor so-widget-sow-editor-base\"\n\t\t\t\n\t\t>\n<div class=\"siteorigin-widget-tinymce textwidget\">\n\t<h3>Scopri le nostre attivit\u00e0<\/h3>\n<p style=\"font-size: 16px;\">Organizziamo tour giornalieri di canyoning, bellyak, fun kayak, via ferrate, caving, climbing.<br \/>\nTutti i nostri tour possono essere organizzati con partenza alla mattina o al pomeriggio.<\/p>\n<\/div>\n<\/div><\/div><div id=\"panel-3950-2-1-1\" class=\"so-panel widget widget_sow-editor panel-last-child\" data-index=\"4\" ><div\n\t\t\t\n\t\t\tclass=\"so-widget-sow-editor so-widget-sow-editor-base\"\n\t\t\t\n\t\t>\n<div class=\"siteorigin-widget-tinymce textwidget\">\n\t<div id='gallery-1' class='gallery galleryid-3950 gallery-columns-2 gallery-size-medium'><figure class='gallery-item'>\n\t\t\t<div class='gallery-icon landscape'>\n\t\t\t\t<a href='https:\/\/www.canyonadv.com\/lakegarda\/wp-content\/uploads\/2019\/12\/canyoning-gardasee.jpg'><img width=\"300\" height=\"200\" src=\"https:\/\/www.canyonadv.com\/lakegarda\/wp-content\/uploads\/2019\/12\/canyoning-gardasee-300x200.jpg\" class=\"attachment-medium size-medium\" alt=\"\" loading=\"lazy\" srcset=\"https:\/\/www.canyonadv.com\/lakegarda\/wp-content\/uploads\/2019\/12\/canyoning-gardasee-300x200.jpg 300w, https:\/\/www.canyonadv.com\/lakegarda\/wp-content\/uploads\/2019\/12\/canyoning-gardasee-1024x683.jpg 1024w, https:\/\/www.canyonadv.com\/lakegarda\/wp-content\/uploads\/2019\/12\/canyoning-gardasee-768x512.jpg 768w, https:\/\/www.canyonadv.com\/lakegarda\/wp-content\/uploads\/2019\/12\/canyoning-gardasee-1536x1024.jpg 1536w, https:\/\/www.canyonadv.com\/lakegarda\/wp-content\/uploads\/2019\/12\/canyoning-gardasee-600x400.jpg 600w, https:\/\/www.canyonadv.com\/lakegarda\/wp-content\/uploads\/2019\/12\/canyoning-gardasee-272x182.jpg 272w, https:\/\/www.canyonadv.com\/lakegarda\/wp-content\/uploads\/2019\/12\/canyoning-gardasee.jpg 1950w\" sizes=\"(max-width: 300px) 100vw, 300px\" \/><\/a>\n\t\t\t<\/div><\/figure><figure class='gallery-item'>\n\t\t\t<div class='gallery-icon landscape'>\n\t\t\t\t<a href='https:\/\/www.canyonadv.com\/lakegarda\/wp-content\/uploads\/2019\/12\/slidekayak03-1350x900.jpg'><img width=\"300\" height=\"200\" src=\"https:\/\/www.canyonadv.com\/lakegarda\/wp-content\/uploads\/2019\/12\/slidekayak03-1350x900-300x200.jpg\" class=\"attachment-medium size-medium\" alt=\"\" loading=\"lazy\" srcset=\"https:\/\/www.canyonadv.com\/lakegarda\/wp-content\/uploads\/2019\/12\/slidekayak03-1350x900-300x200.jpg 300w, https:\/\/www.canyonadv.com\/lakegarda\/wp-content\/uploads\/2019\/12\/slidekayak03-1350x900-1024x683.jpg 1024w, https:\/\/www.canyonadv.com\/lakegarda\/wp-content\/uploads\/2019\/12\/slidekayak03-1350x900-768x512.jpg 768w, https:\/\/www.canyonadv.com\/lakegarda\/wp-content\/uploads\/2019\/12\/slidekayak03-1350x900-600x400.jpg 600w, https:\/\/www.canyonadv.com\/lakegarda\/wp-content\/uploads\/2019\/12\/slidekayak03-1350x900-272x182.jpg 272w, https:\/\/www.canyonadv.com\/lakegarda\/wp-content\/uploads\/2019\/12\/slidekayak03-1350x900.jpg 1350w\" sizes=\"(max-width: 300px) 100vw, 300px\" \/><\/a>\n\t\t\t<\/div><\/figure>\n\t\t<\/div>\n\n<\/div>\n<\/div><\/div><\/div><\/div><\/div>","protected":false},"excerpt":{"rendered":"<p>Discover all our activities in our 2022 catalogue. Choose your favourite among canyonig, kayaking, bellyaking, via ferrata and caving, for an exciting day out or a special event. Canyon Adventures &#8211; Catalogo Canyoning 2022<\/p>\n","protected":false},"author":1,"featured_media":0,"parent":0,"menu_order":0,"comment_status":"closed","ping_status":"closed","template":"","meta":[],"acf":[],"aioseo_notices":[],"_links":{"self":[{"href":"https:\/\/www.canyonadv.com\/lakegarda\/wp-json\/wp\/v2\/pages\/3950"}],"collection":[{"href":"https:\/\/www.canyonadv.com\/lakegarda\/wp-json\/wp\/v2\/pages"}],"about":[{"href":"https:\/\/www.canyonadv.com\/lakegarda\/wp-json\/wp\/v2\/types\/page"}],"author":[{"embeddable":true,"href":"https:\/\/www.canyonadv.com\/lakegarda\/wp-json\/wp\/v2\/users\/1"}],"replies":[{"embeddable":true,"href":"https:\/\/www.canyonadv.com\/lakegarda\/wp-json\/wp\/v2\/comments?post=3950"}],"version-history":[{"count":5,"href":"https:\/\/www.canyonadv.com\/lakegarda\/wp-json\/wp\/v2\/pages\/3950\/revisions"}],"predecessor-version":[{"id":5462,"href":"https:\/\/www.canyonadv.com\/lakegarda\/wp-json\/wp\/v2\/pages\/3950\/revisions\/5462"}],"wp:attachment":[{"href":"https:\/\/www.canyonadv.com\/lakegarda\/wp-json\/wp\/v2\/media?parent=3950"}],"curies":[{"name":"wp","href":"https:\/\/api.w.org\/{rel}","templated":true}]}}